{"id":10640,"date":"2021-01-04T09:52:30","date_gmt":"2021-01-04T09:52:30","guid":{"rendered":"https:\/\/iegmimarlik.com\/corporate\/"},"modified":"2024-08-19T18:15:45","modified_gmt":"2024-08-19T18:15:45","slug":"corporate","status":"publish","type":"page","link":"https:\/\/iegmimarlik.com\/en\/corporate\/","title":{"rendered":"Corporate"},"content":{"rendered":"\t\t<div data-elementor-type=\"wp-page\" data-elementor-id=\"10640\" class=\"elementor elementor-10640\" data-elementor-post-type=\"page\">\n\t\t\t\t\t\t<section class=\"elementor-section elementor-top-section elementor-element elementor-element-9280bcd elementor-section-full_width qodef-elementor-content-grid elementor-section-height-default elementor-section-height-default\" data-id=\"9280bcd\" data-element_type=\"section\">\n\t\t\t\t\t\t<div class=\"elementor-container elementor-column-gap-default\">\n\t\t\t\t\t<div class=\"elementor-column elementor-col-50 elementor-top-column elementor-element elementor-element-46f1d32\" data-id=\"46f1d32\" data-element_type=\"column\">\n\t\t\t<div class=\"elementor-widget-wrap elementor-element-populated\">\n\t\t\t\t\t\t<div class=\"elementor-element elementor-element-3d106d4 elementor-widget__width-initial elementor-widget elementor-widget-text-editor\" data-id=\"3d106d4\" data-element_type=\"widget\" data-widget_type=\"text-editor.default\">\n\t\t\t\t<div class=\"elementor-widget-container\">\n\t\t\t<style>\/*! elementor - v3.23.0 - 23-07-2024 *\/\n.elementor-widget-text-editor.elementor-drop-cap-view-stacked .elementor-drop-cap{background-color:#69727d;color:#fff}.elementor-widget-text-editor.elementor-drop-cap-view-framed .elementor-drop-cap{color:#69727d;border:3px solid;background-color:transparent}.elementor-widget-text-editor:not(.elementor-drop-cap-view-default) .elementor-drop-cap{margin-top:8px}.elementor-widget-text-editor:not(.elementor-drop-cap-view-default) .elementor-drop-cap-letter{width:1em;height:1em}.elementor-widget-text-editor .elementor-drop-cap{float:left;text-align:center;line-height:1;font-size:50px}.elementor-widget-text-editor .elementor-drop-cap-letter{display:inline-block}<\/style>\t\t\t\t<h2 class=\"main-heading\" style=\"font-family: 'Titillium Web', sans-serif; line-height: 48px; margin-top: 0px; margin-bottom: 0px; color: #1a1a1a; font-size: 42px; letter-spacing: normal; background-color: #ffffff; text-align: center;\">FOUNDER | ARCHITECT<\/h2><div><h2 class=\"main-heading\" style=\"font-family: 'Titillium Web', sans-serif; line-height: 48px; margin-top: 0px; margin-bottom: 0px; color: #1a1a1a; font-size: 42px; letter-spacing: normal; background-color: #ffffff; text-align: center;\"><strong>\u0130brahim Ethem G\u00dcNEY<\/strong><\/h2><\/div>\t\t\t\t\t\t<\/div>\n\t\t\t\t<\/div>\n\t\t\t\t<div class=\"elementor-element elementor-element-63144ab elementor-widget elementor-widget-image\" data-id=\"63144ab\" data-element_type=\"widget\" data-settings=\"{&quot;_animation&quot;:&quot;none&quot;}\" data-widget_type=\"image.default\">\n\t\t\t\t<div class=\"elementor-widget-container\">\n\t\t\t<style>\/*! elementor - v3.23.0 - 23-07-2024 *\/\n.elementor-widget-image{text-align:center}.elementor-widget-image a{display:inline-block}.elementor-widget-image a img[src$=\".svg\"]{width:48px}.elementor-widget-image img{vertical-align:middle;display:inline-block}<\/style>\t\t\t\t\t\t\t\t\t\t<img fetchpriority=\"high\" decoding=\"async\" width=\"1000\" height=\"914\" src=\"https:\/\/iegmimarlik.com\/wp-content\/uploads\/2024\/05\/kurumsal-1.png\" class=\"attachment-large size-large wp-image-8174\" alt=\"\" srcset=\"https:\/\/iegmimarlik.com\/wp-content\/uploads\/2024\/05\/kurumsal-1.png 1000w, https:\/\/iegmimarlik.com\/wp-content\/uploads\/2024\/05\/kurumsal-1-300x274.png 300w, https:\/\/iegmimarlik.com\/wp-content\/uploads\/2024\/05\/kurumsal-1-768x702.png 768w\" sizes=\"(max-width: 1000px) 100vw, 1000px\" \/>\t\t\t\t\t\t\t\t\t\t\t\t\t<\/div>\n\t\t\t\t<\/div>\n\t\t\t\t\t<\/div>\n\t\t<\/div>\n\t\t\t\t<div class=\"elementor-column elementor-col-50 elementor-top-column elementor-element elementor-element-128a8b1\" data-id=\"128a8b1\" data-element_type=\"column\">\n\t\t\t<div class=\"elementor-widget-wrap elementor-element-populated\">\n\t\t\t\t\t\t<div class=\"elementor-element elementor-element-77e76e9 elementor-widget elementor-widget-text-editor\" data-id=\"77e76e9\" data-element_type=\"widget\" data-settings=\"{&quot;_animation&quot;:&quot;none&quot;}\" data-widget_type=\"text-editor.default\">\n\t\t\t\t<div class=\"elementor-widget-container\">\n\t\t\t\t\t\t\t<p style=\"text-align: justify;\"><span style=\"font-size: 20px;\">He was born in \u00c7orum and graduated from the Architecture Department of Istanbul Hali\u00e7 University. In Ankara, he served as the Site Manager for T\u00fcrkerler Holding&#8217;s Mahall Ankara project, where he oversaw the installation of 20,000 m\u00b2 of exterior granite ceramic cladding and the design and execution of wet areas for 605 apartments.<\/span><\/p>\t\t\t\t\t\t<\/div>\n\t\t\t\t<\/div>\n\t\t\t\t<div class=\"elementor-element elementor-element-47d57ae elementor-widget elementor-widget-spacer\" data-id=\"47d57ae\" data-element_type=\"widget\" data-widget_type=\"spacer.default\">\n\t\t\t\t<div class=\"elementor-widget-container\">\n\t\t\t<style>\/*! elementor - v3.23.0 - 23-07-2024 *\/\n.elementor-column .elementor-spacer-inner{height:var(--spacer-size)}.e-con{--container-widget-width:100%}.e-con-inner>.elementor-widget-spacer,.e-con>.elementor-widget-spacer{width:var(--container-widget-width,var(--spacer-size));--align-self:var(--container-widget-align-self,initial);--flex-shrink:0}.e-con-inner>.elementor-widget-spacer>.elementor-widget-container,.e-con>.elementor-widget-spacer>.elementor-widget-container{height:100%;width:100%}.e-con-inner>.elementor-widget-spacer>.elementor-widget-container>.elementor-spacer,.e-con>.elementor-widget-spacer>.elementor-widget-container>.elementor-spacer{height:100%}.e-con-inner>.elementor-widget-spacer>.elementor-widget-container>.elementor-spacer>.elementor-spacer-inner,.e-con>.elementor-widget-spacer>.elementor-widget-container>.elementor-spacer>.elementor-spacer-inner{height:var(--container-widget-height,var(--spacer-size))}.e-con-inner>.elementor-widget-spacer.elementor-widget-empty,.e-con>.elementor-widget-spacer.elementor-widget-empty{position:relative;min-height:22px;min-width:22px}.e-con-inner>.elementor-widget-spacer.elementor-widget-empty .elementor-widget-empty-icon,.e-con>.elementor-widget-spacer.elementor-widget-empty .elementor-widget-empty-icon{position:absolute;top:0;bottom:0;left:0;right:0;margin:auto;padding:0;width:22px;height:22px}<\/style>\t\t<div class=\"elementor-spacer\">\n\t\t\t<div class=\"elementor-spacer-inner\"><\/div>\n\t\t<\/div>\n\t\t\t\t<\/div>\n\t\t\t\t<\/div>\n\t\t\t\t<div class=\"elementor-element elementor-element-9011cb5 elementor-widget elementor-widget-text-editor\" data-id=\"9011cb5\" data-element_type=\"widget\" data-widget_type=\"text-editor.default\">\n\t\t\t\t<div class=\"elementor-widget-container\">\n\t\t\t\t\t\t\t<p style=\"text-align: justify;\"><span style=\"font-size: 20px;\">Later, he joined R\u00f6nesans Holding, contributing to the application and consultancy of 22,000 m\u00b2 of mechanical marble cladding at the Presidential Complex, as well as 30,000 m\u00b2 of marble work and detailed finishes. He also managed the fa\u00e7ade work for R\u00f6nesans Bursa City Hospital (8,000 m\u00b2) and R\u00f6nesans Istanbul \u0130kitelli Regional Hospital (65,000 m\u00b2), providing both implementation and consultancy services. Additionally, he has offered design, implementation, and consultancy services for various projects across Turkey, including residential buildings, law offices, pharmacies, retail stores, and doctor\u2019s clinics in cities like Istanbul and Ankara.<\/span><\/p>\t\t\t\t\t\t<\/div>\n\t\t\t\t<\/div>\n\t\t\t\t<div class=\"elementor-element elementor-element-02350e1 elementor-widget elementor-widget-spacer\" data-id=\"02350e1\" data-element_type=\"widget\" data-widget_type=\"spacer.default\">\n\t\t\t\t<div class=\"elementor-widget-container\">\n\t\t\t\t\t<div class=\"elementor-spacer\">\n\t\t\t<div class=\"elementor-spacer-inner\"><\/div>\n\t\t<\/div>\n\t\t\t\t<\/div>\n\t\t\t\t<\/div>\n\t\t\t\t<div class=\"elementor-element elementor-element-c2766e0 elementor-widget elementor-widget-text-editor\" data-id=\"c2766e0\" data-element_type=\"widget\" data-widget_type=\"text-editor.default\">\n\t\t\t\t<div class=\"elementor-widget-container\">\n\t\t\t\t\t\t\t<p style=\"text-align: justify;\"><span style=\"font-size: 20px;\">He is the founder of \u201c\u0130EG M\u0130MARLIK,\u201d with offices in Istanbul and Ankara, where he currently leads the architectural department, overseeing the company&#8217;s project and implementation activities.<\/span><\/p>\t\t\t\t\t\t<\/div>\n\t\t\t\t<\/div>\n\t\t\t\t<div class=\"elementor-element elementor-element-8d78430 elementor-widget elementor-widget-spacer\" data-id=\"8d78430\" data-element_type=\"widget\" data-widget_type=\"spacer.default\">\n\t\t\t\t<div class=\"elementor-widget-container\">\n\t\t\t\t\t<div class=\"elementor-spacer\">\n\t\t\t<div class=\"elementor-spacer-inner\"><\/div>\n\t\t<\/div>\n\t\t\t\t<\/div>\n\t\t\t\t<\/div>\n\t\t\t\t\t<\/div>\n\t\t<\/div>\n\t\t\t\t\t<\/div>\n\t\t<\/section>\n\t\t<div class=\"elementor-element elementor-element-16b2106 e-flex e-con-boxed e-con e-parent\" data-id=\"16b2106\" data-element_type=\"container\">\n\t\t\t\t\t<div class=\"e-con-inner\">\n\t\t\t\t<div class=\"elementor-element elementor-element-3f7269a elementor-invisible elementor-widget elementor-widget-heading\" data-id=\"3f7269a\" data-element_type=\"widget\" data-settings=\"{&quot;_animation&quot;:&quot;zoomIn&quot;}\" data-widget_type=\"heading.default\">\n\t\t\t\t<div class=\"elementor-widget-container\">\n\t\t\t<style>\/*! elementor - v3.23.0 - 23-07-2024 *\/\n.elementor-heading-title{padding:0;margin:0;line-height:1}.elementor-widget-heading .elementor-heading-title[class*=elementor-size-]>a{color:inherit;font-size:inherit;line-height:inherit}.elementor-widget-heading .elementor-heading-title.elementor-size-small{font-size:15px}.elementor-widget-heading .elementor-heading-title.elementor-size-medium{font-size:19px}.elementor-widget-heading .elementor-heading-title.elementor-size-large{font-size:29px}.elementor-widget-heading .elementor-heading-title.elementor-size-xl{font-size:39px}.elementor-widget-heading .elementor-heading-title.elementor-size-xxl{font-size:59px}<\/style><h2 class=\"elementor-heading-title elementor-size-default\">What Do We Do?<\/h2>\t\t<\/div>\n\t\t\t\t<\/div>\n\t\t\t\t\t<\/div>\n\t\t\t\t<\/div>\n\t\t\t\t<section class=\"elementor-section elementor-top-section elementor-element elementor-element-7dc10ed elementor-section-full_width qodef-elementor-content-grid elementor-section-height-default elementor-section-height-default\" data-id=\"7dc10ed\" data-element_type=\"section\" data-settings=\"{&quot;background_background&quot;:&quot;gradient&quot;}\">\n\t\t\t\t\t\t<div class=\"elementor-container elementor-column-gap-default\">\n\t\t\t\t\t<div class=\"elementor-column elementor-col-33 elementor-top-column elementor-element elementor-element-d785de4\" data-id=\"d785de4\" data-element_type=\"column\">\n\t\t\t<div class=\"elementor-widget-wrap elementor-element-populated\">\n\t\t\t\t\t\t<div class=\"elementor-element elementor-element-be5d082 elementor-widget__width-initial elementor-invisible elementor-widget elementor-widget-emaurri_core_numbered_text\" data-id=\"be5d082\" data-element_type=\"widget\" data-settings=\"{&quot;_animation&quot;:&quot;zoomIn&quot;}\" data-widget_type=\"emaurri_core_numbered_text.default\">\n\t\t\t\t<div class=\"elementor-widget-container\">\n\t\t\t<div class=\"qodef-shortcode qodef-m  qodef-numbered-text\">\n    \t<div class=\"qodef-m-number\" style=\"font-size: 120px\">1<\/div>\n    <div class=\"qodef-m-content\">\n\t    \t<h5 class=\"qodef-m-title\" style=\"color: #C7C6C6;margin-top: 3px\">Consulting <\/h5>\n\t    \t<p class=\"qodef-m-text\" style=\"color: #FFFFFF;font-size: 17px\">We analyze costs, quality, and implementation techniques at all stages of the project, and ensure effective coordination with all involved teams.<\/p>\n\t        <\/div>\n<\/div>\t\t<\/div>\n\t\t\t\t<\/div>\n\t\t\t\t\t<\/div>\n\t\t<\/div>\n\t\t\t\t<div class=\"elementor-column elementor-col-33 elementor-top-column elementor-element elementor-element-f279e13\" data-id=\"f279e13\" data-element_type=\"column\">\n\t\t\t<div class=\"elementor-widget-wrap elementor-element-populated\">\n\t\t\t\t\t\t<div class=\"elementor-element elementor-element-ec5eb14 elementor-widget__width-initial elementor-invisible elementor-widget elementor-widget-emaurri_core_numbered_text\" data-id=\"ec5eb14\" data-element_type=\"widget\" data-settings=\"{&quot;_animation&quot;:&quot;zoomIn&quot;,&quot;_animation_delay&quot;:200}\" data-widget_type=\"emaurri_core_numbered_text.default\">\n\t\t\t\t<div class=\"elementor-widget-container\">\n\t\t\t<div class=\"qodef-shortcode qodef-m  qodef-numbered-text\">\n    \t<div class=\"qodef-m-number\" style=\"font-size: 120px\">2<\/div>\n    <div class=\"qodef-m-content\">\n\t    \t<h5 class=\"qodef-m-title\" style=\"color: #C7C6C6;margin-top: 3px\">Renovation<\/h5>\n\t    \t<p class=\"qodef-m-text\" style=\"color: #FFFFFF;font-size: 17px\">We handle all renovation work from A to Z, whether with its own in-house team or through external subcontractors, and manage the execution of projects.<\/p>\n\t        <\/div>\n<\/div>\t\t<\/div>\n\t\t\t\t<\/div>\n\t\t\t\t\t<\/div>\n\t\t<\/div>\n\t\t\t\t<div class=\"elementor-column elementor-col-33 elementor-top-column elementor-element elementor-element-b4c2635\" data-id=\"b4c2635\" data-element_type=\"column\">\n\t\t\t<div class=\"elementor-widget-wrap elementor-element-populated\">\n\t\t\t\t\t\t<div class=\"elementor-element elementor-element-a5006df elementor-widget__width-initial elementor-invisible elementor-widget elementor-widget-emaurri_core_numbered_text\" data-id=\"a5006df\" data-element_type=\"widget\" data-settings=\"{&quot;_animation&quot;:&quot;zoomIn&quot;,&quot;_animation_delay&quot;:400}\" data-widget_type=\"emaurri_core_numbered_text.default\">\n\t\t\t\t<div class=\"elementor-widget-container\">\n\t\t\t<div class=\"qodef-shortcode qodef-m  qodef-numbered-text\">\n    \t<div class=\"qodef-m-number\" style=\"font-size: 120px\">3<\/div>\n    <div class=\"qodef-m-content\">\n\t    \t<h5 class=\"qodef-m-title\" style=\"color: #C7C6C6;margin-top: 3px\">Implementation <\/h5>\n\t    \t<p class=\"qodef-m-text\" style=\"color: #FFFFFF;font-size: 17px\">We execute the designs chosen by the client in a complete and precise manner with the help of a specialized team.<\/p>\n\t        <\/div>\n<\/div>\t\t<\/div>\n\t\t\t\t<\/div>\n\t\t\t\t\t<\/div>\n\t\t<\/div>\n\t\t\t\t\t<\/div>\n\t\t<\/section>\n\t\t<div class=\"elementor-element elementor-element-d724a49 e-grid e-con-boxed e-con e-parent\" data-id=\"d724a49\" data-element_type=\"container\" data-settings=\"{&quot;background_background&quot;:&quot;gradient&quot;}\">\n\t\t\t\t\t<div class=\"e-con-inner\">\n\t\t\t\t<div class=\"elementor-element elementor-element-e7ab364 elementor-invisible elementor-widget elementor-widget-emaurri_core_numbered_text\" data-id=\"e7ab364\" data-element_type=\"widget\" data-settings=\"{&quot;_animation&quot;:&quot;zoomIn&quot;}\" data-widget_type=\"emaurri_core_numbered_text.default\">\n\t\t\t\t<div class=\"elementor-widget-container\">\n\t\t\t<div class=\"qodef-shortcode qodef-m  qodef-numbered-text\">\n    \t<div class=\"qodef-m-number\" style=\"-webkit-text-stroke-color: #303030\">82+<\/div>\n    <div class=\"qodef-m-content\">\n\t    \t<h6 class=\"qodef-m-title\" >COMPLETED PROJECT<\/h6>\n\t    \t    \t<a href=\"\" target=\"_blank\" class=\"qodef-m-button qodef-button qodef-layout--textual qodef-underline--center\" >\n\t\t<span class=\"qodef-m-text\"><\/span>\n\t<\/a>\n    <\/div>\n<\/div>\t\t<\/div>\n\t\t\t\t<\/div>\n\t\t\t\t<div class=\"elementor-element elementor-element-e8b7f16 elementor-invisible elementor-widget elementor-widget-emaurri_core_numbered_text\" data-id=\"e8b7f16\" data-element_type=\"widget\" data-settings=\"{&quot;_animation&quot;:&quot;zoomIn&quot;,&quot;_animation_delay&quot;:200}\" data-widget_type=\"emaurri_core_numbered_text.default\">\n\t\t\t\t<div class=\"elementor-widget-container\">\n\t\t\t<div class=\"qodef-shortcode qodef-m  qodef-numbered-text\">\n    \t<div class=\"qodef-m-number\" style=\"-webkit-text-stroke-color: #303030\">7+<\/div>\n    <div class=\"qodef-m-content\">\n\t    \t<h6 class=\"qodef-m-title\" >ONGOING PROJECT<\/h6>\n\t    \t    \t<a href=\"\" target=\"_blank\" class=\"qodef-m-button qodef-button qodef-layout--textual qodef-underline--center\" >\n\t\t<span class=\"qodef-m-text\"><\/span>\n\t<\/a>\n    <\/div>\n<\/div>\t\t<\/div>\n\t\t\t\t<\/div>\n\t\t\t\t<div class=\"elementor-element elementor-element-f6092eb elementor-invisible elementor-widget elementor-widget-emaurri_core_numbered_text\" data-id=\"f6092eb\" data-element_type=\"widget\" data-settings=\"{&quot;_animation&quot;:&quot;zoomIn&quot;,&quot;_animation_delay&quot;:400}\" data-widget_type=\"emaurri_core_numbered_text.default\">\n\t\t\t\t<div class=\"elementor-widget-container\">\n\t\t\t<div class=\"qodef-shortcode qodef-m  qodef-numbered-text\">\n    \t<div class=\"qodef-m-number\" style=\"-webkit-text-stroke-color: #303030\">12+<\/div>\n    <div class=\"qodef-m-content\">\n\t    \t<h6 class=\"qodef-m-title\" >INTERNATIONAL PROJECT<\/h6>\n\t    \t    \t<a href=\"\" target=\"_blank\" class=\"qodef-m-button qodef-button qodef-layout--textual qodef-underline--center\" >\n\t\t<span class=\"qodef-m-text\"><\/span>\n\t<\/a>\n    <\/div>\n<\/div>\t\t<\/div>\n\t\t\t\t<\/div>\n\t\t\t\t<div class=\"elementor-element elementor-element-c278c4d elementor-invisible elementor-widget elementor-widget-emaurri_core_numbered_text\" data-id=\"c278c4d\" data-element_type=\"widget\" data-settings=\"{&quot;_animation&quot;:&quot;zoomIn&quot;,&quot;_animation_delay&quot;:600}\" data-widget_type=\"emaurri_core_numbered_text.default\">\n\t\t\t\t<div class=\"elementor-widget-container\">\n\t\t\t<div class=\"qodef-shortcode qodef-m  qodef-numbered-text\">\n    \t<div class=\"qodef-m-number\" style=\"-webkit-text-stroke-color: #303030\">72+<\/div>\n    <div class=\"qodef-m-content\">\n\t    \t<h6 class=\"qodef-m-title\" >PERSONNEL<\/h6>\n\t    \t    \t<a href=\"\" target=\"_blank\" class=\"qodef-m-button qodef-button qodef-layout--textual qodef-underline--center\" >\n\t\t<span class=\"qodef-m-text\"><\/span>\n\t<\/a>\n    <\/div>\n<\/div>\t\t<\/div>\n\t\t\t\t<\/div>\n\t\t\t\t\t<\/div>\n\t\t\t\t<\/div>\n\t\t\t\t<section class=\"elementor-section elementor-top-section elementor-element elementor-element-97e2c8d elementor-section-full_width qodef-elementor-content-grid elementor-section-content-middle elementor-section-height-default elementor-section-height-default\" data-id=\"97e2c8d\" data-element_type=\"section\">\n\t\t\t\t\t\t<div class=\"elementor-container elementor-column-gap-default\">\n\t\t\t\t\t<div class=\"elementor-column elementor-col-100 elementor-top-column elementor-element elementor-element-75f683b\" data-id=\"75f683b\" data-element_type=\"column\">\n\t\t\t<div class=\"elementor-widget-wrap elementor-element-populated\">\n\t\t\t\t\t\t<div class=\"elementor-element elementor-element-706d132 elementor-widget elementor-widget-emaurri_core_section_title\" data-id=\"706d132\" data-element_type=\"widget\" data-widget_type=\"emaurri_core_section_title.default\">\n\t\t\t\t<div class=\"elementor-widget-container\">\n\t\t\t<div class=\"qodef-shortcode qodef-m  qodef-section-title qodef-alignment--center \">\n\t\t\t<h2 class=\"qodef-m-title\" >\n\t\t\t\t\tGet in Touch with Us \t\t\t<\/h2>\n\t\t<p class=\"qodef-m-text\" style=\"font-size: 20px\">You can reach us quickly by following the link below.<\/p>\n<\/div>\n\t\t<\/div>\n\t\t\t\t<\/div>\n\t\t\t\t\t<\/div>\n\t\t<\/div>\n\t\t\t\t\t<\/div>\n\t\t<\/section>\n\t\t<div class=\"elementor-element elementor-element-5ee02fb e-grid e-con-boxed e-con e-parent\" data-id=\"5ee02fb\" data-element_type=\"container\">\n\t\t\t\t\t<div class=\"e-con-inner\">\n\t\t\t\t<div class=\"elementor-element elementor-element-19f7ec4 elementor-widget elementor-widget-emaurri_core_button\" data-id=\"19f7ec4\" data-element_type=\"widget\" data-widget_type=\"emaurri_core_button.default\">\n\t\t\t\t<div class=\"elementor-widget-container\">\n\t\t\t<a class=\"qodef-shortcode qodef-m  qodef-button qodef-layout--outlined qodef-size--large  qodef-html--link\" href=\"https:\/\/iegmimarlik.com\/iletisim\/\" target=\"_self\"  style=\"font-size: 20px;font-weight: 700\">\n\t<span class=\"qodef-m-text\">Click here<\/span>\n\t<span class=\"qodef-m-corner qodef--top-left\" ><\/span>\n\t<span class=\"qodef-m-corner qodef--top-right\" ><\/span>\n\t<span class=\"qodef-m-corner qodef--bottom-left\" ><\/span>\n\t<span class=\"qodef-m-corner qodef--bottom-right\" ><\/span>\n\t<span class=\"qodef-m-btn-line qodef-btn-line--top\" ><\/span>\n\t<span class=\"qodef-m-btn-line qodef-btn-line--right\" ><\/span>\n\t<span class=\"qodef-m-btn-line qodef-btn-line--bottom\" ><\/span>\n\t<span class=\"qodef-m-btn-line qodef-btn-line--left\" ><\/span>\n<\/a>\n\t\t<\/div>\n\t\t\t\t<\/div>\n\t\t\t\t\t<\/div>\n\t\t\t\t<\/div>\n\t\t\t\t<\/div>\n\t\t","protected":false},"excerpt":{"rendered":"<p>FOUNDER | ARCHITECT \u0130brahim Ethem G\u00dcNEY He was born in \u00c7orum and graduated from the Architecture Department of Istanbul Hali\u00e7 University. In Ankara, he served as the Site Manager for T\u00fcrkerler Holding&#8217;s Mahall Ankara project, where he oversaw the installation of 20,000 m\u00b2 of exterior granite ceramic cladding and the design and execution of wet [&hellip;]<\/p>\n","protected":false},"author":1,"featured_media":0,"parent":0,"menu_order":1,"comment_status":"closed","ping_status":"closed","template":"page-full-width.php","meta":{"footnotes":""},"class_list":["post-10640","page","type-page","status-publish","hentry"],"_links":{"self":[{"href":"https:\/\/iegmimarlik.com\/en\/wp-json\/wp\/v2\/pages\/10640","targetHints":{"allow":["GET"]}}],"collection":[{"href":"https:\/\/iegmimarlik.com\/en\/wp-json\/wp\/v2\/pages"}],"about":[{"href":"https:\/\/iegmimarlik.com\/en\/wp-json\/wp\/v2\/types\/page"}],"author":[{"embeddable":true,"href":"https:\/\/iegmimarlik.com\/en\/wp-json\/wp\/v2\/users\/1"}],"replies":[{"embeddable":true,"href":"https:\/\/iegmimarlik.com\/en\/wp-json\/wp\/v2\/comments?post=10640"}],"version-history":[{"count":4,"href":"https:\/\/iegmimarlik.com\/en\/wp-json\/wp\/v2\/pages\/10640\/revisions"}],"predecessor-version":[{"id":10680,"href":"https:\/\/iegmimarlik.com\/en\/wp-json\/wp\/v2\/pages\/10640\/revisions\/10680"}],"wp:attachment":[{"href":"https:\/\/iegmimarlik.com\/en\/wp-json\/wp\/v2\/media?parent=10640"}],"curies":[{"name":"wp","href":"https:\/\/api.w.org\/{rel}","templated":true}]}}