{"id":10686,"date":"2021-01-14T09:38:45","date_gmt":"2021-01-14T09:38:45","guid":{"rendered":"https:\/\/iegmimarlik.com\/projects\/"},"modified":"2024-08-19T18:25:33","modified_gmt":"2024-08-19T18:25:33","slug":"projects","status":"publish","type":"page","link":"https:\/\/iegmimarlik.com\/en\/projects\/","title":{"rendered":"Projects"},"content":{"rendered":"\t\t<div data-elementor-type=\"wp-page\" data-elementor-id=\"10686\" class=\"elementor elementor-10686\" data-elementor-post-type=\"page\">\n\t\t\t\t\t\t<section class=\"elementor-section elementor-top-section elementor-element elementor-element-cc8070a qodef-elementor-content-grid elementor-section-boxed elementor-section-height-default elementor-section-height-default\" data-id=\"cc8070a\" data-element_type=\"section\">\n\t\t\t\t\t\t<div class=\"elementor-container elementor-column-gap-default\">\n\t\t\t\t\t<div class=\"elementor-column elementor-col-100 elementor-top-column elementor-element elementor-element-a1f1d58\" data-id=\"a1f1d58\" data-element_type=\"column\">\n\t\t\t<div class=\"elementor-widget-wrap elementor-element-populated\">\n\t\t\t\t\t\t<div class=\"elementor-element elementor-element-91884bf elementor-widget elementor-widget-emaurri_core_portfolio_list\" data-id=\"91884bf\" data-element_type=\"widget\" data-widget_type=\"emaurri_core_portfolio_list.default\">\n\t\t\t\t<div class=\"elementor-widget-container\">\n\t\t\t<div class=\"qodef-shortcode qodef-m  qodef-portfolio-list qodef-item-layout--info-on-hover   qodef-grid qodef-layout--columns  qodef-gutter--normal qodef-col-num--3 qodef-item-layout--info-on-hover qodef-pagination--on qodef-pagination-type--infinite-scroll qodef-responsive--predefined qodef-hover-animation--fade-in\" data-options=\"{&quot;plugin&quot;:&quot;emaurri_core&quot;,&quot;module&quot;:&quot;post-types\\\/portfolio\\\/shortcodes&quot;,&quot;shortcode&quot;:&quot;portfolio-list&quot;,&quot;post_type&quot;:&quot;portfolio-item&quot;,&quot;next_page&quot;:&quot;2&quot;,&quot;max_pages_num&quot;:3,&quot;behavior&quot;:&quot;columns&quot;,&quot;images_proportion&quot;:&quot;full&quot;,&quot;columns&quot;:&quot;3&quot;,&quot;columns_responsive&quot;:&quot;predefined&quot;,&quot;space&quot;:&quot;normal&quot;,&quot;posts_per_page&quot;:&quot;12&quot;,&quot;orderby&quot;:&quot;date&quot;,&quot;order&quot;:&quot;ASC&quot;,&quot;additional_params&quot;:&quot;tax&quot;,&quot;tax&quot;:&quot;portfolio-category&quot;,&quot;tax_slug&quot;:&quot;projeler&quot;,&quot;layout&quot;:&quot;info-on-hover&quot;,&quot;hover_animation_info-below&quot;:&quot;zoom&quot;,&quot;hover_animation_info-follow&quot;:&quot;follow&quot;,&quot;hover_animation_info-on-hover-bottom-left&quot;:&quot;fade-in&quot;,&quot;hover_animation_info-on-hover&quot;:&quot;fade-in&quot;,&quot;title_tag&quot;:&quot;p&quot;,&quot;custom_padding&quot;:&quot;no&quot;,&quot;enable_filter&quot;:&quot;no&quot;,&quot;pagination_type&quot;:&quot;infinite-scroll&quot;,&quot;object_class_name&quot;:&quot;EmaurriCore_Portfolio_List_Shortcode&quot;,&quot;taxonomy_filter&quot;:&quot;portfolio-category&quot;,&quot;additional_query_args&quot;:{&quot;tax_query&quot;:[{&quot;taxonomy&quot;:&quot;portfolio-category&quot;,&quot;field&quot;:&quot;slug&quot;,&quot;terms&quot;:&quot;projeler&quot;}]},&quot;space_value&quot;:15}\">\n\t\t<div class=\"qodef-grid-inner clear\">\n\t\t<article class=\"qodef-e qodef-grid-item qodef-item--full post-7247 portfolio-item type-portfolio-item status-publish has-post-thumbnail hentry portfolio-category-projeler\">\n\t<div class=\"qodef-e-inner\" >\n\t\t<div class=\"qodef-e-image\">\n\t\t\t\t<div class=\"qodef-e-media-image\">\n\t\t<a itemprop=\"url\" href=\"https:\/\/iegmimarlik.com\/en\/portfolio-item\/cumhurbaskanligi-projesi\/\">\n\t\t\t<img fetchpriority=\"high\" decoding=\"async\" width=\"768\" height=\"480\" src=\"https:\/\/iegmimarlik.com\/wp-content\/uploads\/2021\/03\/1-18-768x480-1.png\" class=\"attachment-full size-full\" alt=\"\" srcset=\"https:\/\/iegmimarlik.com\/wp-content\/uploads\/2021\/03\/1-18-768x480-1.png 768w, https:\/\/iegmimarlik.com\/wp-content\/uploads\/2021\/03\/1-18-768x480-1-300x188.png 300w\" sizes=\"(max-width: 768px) 100vw, 768px\" \/>\t\t<\/a>\n\t<\/div>\n\t\t<\/div>\n\t\t<div class=\"qodef-e-content\">\n\t\t\t<div class=\"qodef-e-content-inner\">\n\t\t\t\t<a itemprop=\"url\" href=\"https:\/\/iegmimarlik.com\/en\/portfolio-item\/cumhurbaskanligi-projesi\/\"><\/a>\n\t\t\t\t<p itemprop=\"name\" class=\"qodef-e-title entry-title\" >\n\t<a itemprop=\"url\" class=\"qodef-e-title-link\" href=\"https:\/\/iegmimarlik.com\/en\/portfolio-item\/cumhurbaskanligi-projesi\/\">\n\t\tCumhurba\u015fkanl\u0131\u011f\u0131 Projesi\t<\/a>\n<\/p>\n                <p itemprop=\"dateCreated\" class=\"qodef-e-info-date entry-date published\">Mar 2021<\/p>\n\t\t\t<\/div>\n\t\t<\/div>\n\t<\/div>\n<\/article>\n<article class=\"qodef-e qodef-grid-item qodef-item--full post-8408 portfolio-item type-portfolio-item status-publish has-post-thumbnail hentry portfolio-category-projeler\">\n\t<div class=\"qodef-e-inner\" >\n\t\t<div class=\"qodef-e-image\">\n\t\t\t\t<div class=\"qodef-e-media-image\">\n\t\t<a itemprop=\"url\" href=\"https:\/\/iegmimarlik.com\/en\/portfolio-item\/oyak-genel-mudurlugu\/\">\n\t\t\t<img decoding=\"async\" width=\"768\" height=\"480\" src=\"https:\/\/iegmimarlik.com\/wp-content\/uploads\/2024\/06\/10-7-768x480-1.png\" class=\"attachment-full size-full\" alt=\"\" srcset=\"https:\/\/iegmimarlik.com\/wp-content\/uploads\/2024\/06\/10-7-768x480-1.png 768w, https:\/\/iegmimarlik.com\/wp-content\/uploads\/2024\/06\/10-7-768x480-1-300x188.png 300w\" sizes=\"(max-width: 768px) 100vw, 768px\" \/>\t\t<\/a>\n\t<\/div>\n\t\t<\/div>\n\t\t<div class=\"qodef-e-content\">\n\t\t\t<div class=\"qodef-e-content-inner\">\n\t\t\t\t<a itemprop=\"url\" href=\"https:\/\/iegmimarlik.com\/en\/portfolio-item\/oyak-genel-mudurlugu\/\"><\/a>\n\t\t\t\t<p itemprop=\"name\" class=\"qodef-e-title entry-title\" >\n\t<a itemprop=\"url\" class=\"qodef-e-title-link\" href=\"https:\/\/iegmimarlik.com\/en\/portfolio-item\/oyak-genel-mudurlugu\/\">\n\t\tOyak Genel M\u00fcd\u00fcrl\u00fc\u011f\u00fc\t<\/a>\n<\/p>\n                <p itemprop=\"dateCreated\" class=\"qodef-e-info-date entry-date published\">Jun 2024<\/p>\n\t\t\t<\/div>\n\t\t<\/div>\n\t<\/div>\n<\/article>\n<article class=\"qodef-e qodef-grid-item qodef-item--full post-8413 portfolio-item type-portfolio-item status-publish has-post-thumbnail hentry portfolio-category-projeler\">\n\t<div class=\"qodef-e-inner\" >\n\t\t<div class=\"qodef-e-image\">\n\t\t\t\t<div class=\"qodef-e-media-image\">\n\t\t<a itemprop=\"url\" href=\"https:\/\/iegmimarlik.com\/en\/portfolio-item\/finans-merkezi-projesi-2-kisim\/\">\n\t\t\t<img decoding=\"async\" width=\"768\" height=\"480\" src=\"https:\/\/iegmimarlik.com\/wp-content\/uploads\/2024\/06\/3-22-768x480-1.png\" class=\"attachment-full size-full\" alt=\"\" srcset=\"https:\/\/iegmimarlik.com\/wp-content\/uploads\/2024\/06\/3-22-768x480-1.png 768w, https:\/\/iegmimarlik.com\/wp-content\/uploads\/2024\/06\/3-22-768x480-1-300x188.png 300w\" sizes=\"(max-width: 768px) 100vw, 768px\" \/>\t\t<\/a>\n\t<\/div>\n\t\t<\/div>\n\t\t<div class=\"qodef-e-content\">\n\t\t\t<div class=\"qodef-e-content-inner\">\n\t\t\t\t<a itemprop=\"url\" href=\"https:\/\/iegmimarlik.com\/en\/portfolio-item\/finans-merkezi-projesi-2-kisim\/\"><\/a>\n\t\t\t\t<p itemprop=\"name\" class=\"qodef-e-title entry-title\" >\n\t<a itemprop=\"url\" class=\"qodef-e-title-link\" href=\"https:\/\/iegmimarlik.com\/en\/portfolio-item\/finans-merkezi-projesi-2-kisim\/\">\n\t\tFinans Merkezi Projesi 2. K\u0131s\u0131m\t<\/a>\n<\/p>\n                <p itemprop=\"dateCreated\" class=\"qodef-e-info-date entry-date published\">Jun 2024<\/p>\n\t\t\t<\/div>\n\t\t<\/div>\n\t<\/div>\n<\/article>\n<article class=\"qodef-e qodef-grid-item qodef-item--full post-8421 portfolio-item type-portfolio-item status-publish has-post-thumbnail hentry portfolio-category-projeler\">\n\t<div class=\"qodef-e-inner\" >\n\t\t<div class=\"qodef-e-image\">\n\t\t\t\t<div class=\"qodef-e-media-image\">\n\t\t<a itemprop=\"url\" href=\"https:\/\/iegmimarlik.com\/en\/portfolio-item\/banliyolerde-villa-insa-etme-projeleri\/\">\n\t\t\t<img loading=\"lazy\" decoding=\"async\" width=\"768\" height=\"480\" src=\"https:\/\/iegmimarlik.com\/wp-content\/uploads\/2024\/06\/1-9-768x480-1.png\" class=\"attachment-full size-full\" alt=\"\" srcset=\"https:\/\/iegmimarlik.com\/wp-content\/uploads\/2024\/06\/1-9-768x480-1.png 768w, https:\/\/iegmimarlik.com\/wp-content\/uploads\/2024\/06\/1-9-768x480-1-300x188.png 300w\" sizes=\"(max-width: 768px) 100vw, 768px\" \/>\t\t<\/a>\n\t<\/div>\n\t\t<\/div>\n\t\t<div class=\"qodef-e-content\">\n\t\t\t<div class=\"qodef-e-content-inner\">\n\t\t\t\t<a itemprop=\"url\" href=\"https:\/\/iegmimarlik.com\/en\/portfolio-item\/banliyolerde-villa-insa-etme-projeleri\/\"><\/a>\n\t\t\t\t<p itemprop=\"name\" class=\"qodef-e-title entry-title\" >\n\t<a itemprop=\"url\" class=\"qodef-e-title-link\" href=\"https:\/\/iegmimarlik.com\/en\/portfolio-item\/banliyolerde-villa-insa-etme-projeleri\/\">\n\t\tBanliy\u00f6lerde Villa \u0130n\u015fa Etme Projeleri\t<\/a>\n<\/p>\n                <p itemprop=\"dateCreated\" class=\"qodef-e-info-date entry-date published\">Jun 2024<\/p>\n\t\t\t<\/div>\n\t\t<\/div>\n\t<\/div>\n<\/article>\n<article class=\"qodef-e qodef-grid-item qodef-item--full post-8467 portfolio-item type-portfolio-item status-publish has-post-thumbnail hentry portfolio-category-projeler\">\n\t<div class=\"qodef-e-inner\" >\n\t\t<div class=\"qodef-e-image\">\n\t\t\t\t<div class=\"qodef-e-media-image\">\n\t\t<a itemprop=\"url\" href=\"https:\/\/iegmimarlik.com\/en\/portfolio-item\/ic-mekan-villa-uygulama-projeleri\/\">\n\t\t\t<img loading=\"lazy\" decoding=\"async\" width=\"768\" height=\"480\" src=\"https:\/\/iegmimarlik.com\/wp-content\/uploads\/2024\/06\/36-1-768x480-1.png\" class=\"attachment-full size-full\" alt=\"\" srcset=\"https:\/\/iegmimarlik.com\/wp-content\/uploads\/2024\/06\/36-1-768x480-1.png 768w, https:\/\/iegmimarlik.com\/wp-content\/uploads\/2024\/06\/36-1-768x480-1-300x188.png 300w\" sizes=\"(max-width: 768px) 100vw, 768px\" \/>\t\t<\/a>\n\t<\/div>\n\t\t<\/div>\n\t\t<div class=\"qodef-e-content\">\n\t\t\t<div class=\"qodef-e-content-inner\">\n\t\t\t\t<a itemprop=\"url\" href=\"https:\/\/iegmimarlik.com\/en\/portfolio-item\/ic-mekan-villa-uygulama-projeleri\/\"><\/a>\n\t\t\t\t<p itemprop=\"name\" class=\"qodef-e-title entry-title\" >\n\t<a itemprop=\"url\" class=\"qodef-e-title-link\" href=\"https:\/\/iegmimarlik.com\/en\/portfolio-item\/ic-mekan-villa-uygulama-projeleri\/\">\n\t\t\u0130\u00e7 Mekan Villa Uygulama Projeleri\u200b\t<\/a>\n<\/p>\n                <p itemprop=\"dateCreated\" class=\"qodef-e-info-date entry-date published\">Jun 2024<\/p>\n\t\t\t<\/div>\n\t\t<\/div>\n\t<\/div>\n<\/article>\n<article class=\"qodef-e qodef-grid-item qodef-item--full post-8547 portfolio-item type-portfolio-item status-publish has-post-thumbnail hentry portfolio-category-projeler\">\n\t<div class=\"qodef-e-inner\" >\n\t\t<div class=\"qodef-e-image\">\n\t\t\t\t<div class=\"qodef-e-media-image\">\n\t\t<a itemprop=\"url\" href=\"https:\/\/iegmimarlik.com\/en\/portfolio-item\/kafeler-icin-kaplama-kaplama-projeleri\/\">\n\t\t\t<img loading=\"lazy\" decoding=\"async\" width=\"768\" height=\"480\" src=\"https:\/\/iegmimarlik.com\/wp-content\/uploads\/2024\/06\/15-768x480-1.png\" class=\"attachment-full size-full\" alt=\"\" srcset=\"https:\/\/iegmimarlik.com\/wp-content\/uploads\/2024\/06\/15-768x480-1.png 768w, https:\/\/iegmimarlik.com\/wp-content\/uploads\/2024\/06\/15-768x480-1-300x188.png 300w\" sizes=\"(max-width: 768px) 100vw, 768px\" \/>\t\t<\/a>\n\t<\/div>\n\t\t<\/div>\n\t\t<div class=\"qodef-e-content\">\n\t\t\t<div class=\"qodef-e-content-inner\">\n\t\t\t\t<a itemprop=\"url\" href=\"https:\/\/iegmimarlik.com\/en\/portfolio-item\/kafeler-icin-kaplama-kaplama-projeleri\/\"><\/a>\n\t\t\t\t<p itemprop=\"name\" class=\"qodef-e-title entry-title\" >\n\t<a itemprop=\"url\" class=\"qodef-e-title-link\" href=\"https:\/\/iegmimarlik.com\/en\/portfolio-item\/kafeler-icin-kaplama-kaplama-projeleri\/\">\n\t\tKafeler i\u00e7in Kaplama Kaplama Projeleri\t<\/a>\n<\/p>\n                <p itemprop=\"dateCreated\" class=\"qodef-e-info-date entry-date published\">Jun 2024<\/p>\n\t\t\t<\/div>\n\t\t<\/div>\n\t<\/div>\n<\/article>\n<article class=\"qodef-e qodef-grid-item qodef-item--full post-8556 portfolio-item type-portfolio-item status-publish has-post-thumbnail hentry portfolio-category-projeler\">\n\t<div class=\"qodef-e-inner\" >\n\t\t<div class=\"qodef-e-image\">\n\t\t\t\t<div class=\"qodef-e-media-image\">\n\t\t<a itemprop=\"url\" href=\"https:\/\/iegmimarlik.com\/en\/portfolio-item\/market-uygulama-projesi\/\">\n\t\t\t<img loading=\"lazy\" decoding=\"async\" width=\"768\" height=\"480\" src=\"https:\/\/iegmimarlik.com\/wp-content\/uploads\/2024\/06\/13-768x480-1.png\" class=\"attachment-full size-full\" alt=\"\" srcset=\"https:\/\/iegmimarlik.com\/wp-content\/uploads\/2024\/06\/13-768x480-1.png 768w, https:\/\/iegmimarlik.com\/wp-content\/uploads\/2024\/06\/13-768x480-1-300x188.png 300w\" sizes=\"(max-width: 768px) 100vw, 768px\" \/>\t\t<\/a>\n\t<\/div>\n\t\t<\/div>\n\t\t<div class=\"qodef-e-content\">\n\t\t\t<div class=\"qodef-e-content-inner\">\n\t\t\t\t<a itemprop=\"url\" href=\"https:\/\/iegmimarlik.com\/en\/portfolio-item\/market-uygulama-projesi\/\"><\/a>\n\t\t\t\t<p itemprop=\"name\" class=\"qodef-e-title entry-title\" >\n\t<a itemprop=\"url\" class=\"qodef-e-title-link\" href=\"https:\/\/iegmimarlik.com\/en\/portfolio-item\/market-uygulama-projesi\/\">\n\t\tMarket Uygulama Projesi\t<\/a>\n<\/p>\n                <p itemprop=\"dateCreated\" class=\"qodef-e-info-date entry-date published\">Jun 2024<\/p>\n\t\t\t<\/div>\n\t\t<\/div>\n\t<\/div>\n<\/article>\n<article class=\"qodef-e qodef-grid-item qodef-item--full post-8565 portfolio-item type-portfolio-item status-publish has-post-thumbnail hentry portfolio-category-projeler\">\n\t<div class=\"qodef-e-inner\" >\n\t\t<div class=\"qodef-e-image\">\n\t\t\t\t<div class=\"qodef-e-media-image\">\n\t\t<a itemprop=\"url\" href=\"https:\/\/iegmimarlik.com\/en\/portfolio-item\/ofis-uygulama-projesi\/\">\n\t\t\t<img loading=\"lazy\" decoding=\"async\" width=\"768\" height=\"480\" src=\"https:\/\/iegmimarlik.com\/wp-content\/uploads\/2024\/06\/7-8-768x480-1.png\" class=\"attachment-full size-full\" alt=\"\" srcset=\"https:\/\/iegmimarlik.com\/wp-content\/uploads\/2024\/06\/7-8-768x480-1.png 768w, https:\/\/iegmimarlik.com\/wp-content\/uploads\/2024\/06\/7-8-768x480-1-300x188.png 300w\" sizes=\"(max-width: 768px) 100vw, 768px\" \/>\t\t<\/a>\n\t<\/div>\n\t\t<\/div>\n\t\t<div class=\"qodef-e-content\">\n\t\t\t<div class=\"qodef-e-content-inner\">\n\t\t\t\t<a itemprop=\"url\" href=\"https:\/\/iegmimarlik.com\/en\/portfolio-item\/ofis-uygulama-projesi\/\"><\/a>\n\t\t\t\t<p itemprop=\"name\" class=\"qodef-e-title entry-title\" >\n\t<a itemprop=\"url\" class=\"qodef-e-title-link\" href=\"https:\/\/iegmimarlik.com\/en\/portfolio-item\/ofis-uygulama-projesi\/\">\n\t\tOfis Uygulama Projesi\t<\/a>\n<\/p>\n                <p itemprop=\"dateCreated\" class=\"qodef-e-info-date entry-date published\">Jun 2024<\/p>\n\t\t\t<\/div>\n\t\t<\/div>\n\t<\/div>\n<\/article>\n<article class=\"qodef-e qodef-grid-item qodef-item--full post-8612 portfolio-item type-portfolio-item status-publish has-post-thumbnail hentry portfolio-category-projeler\">\n\t<div class=\"qodef-e-inner\" >\n\t\t<div class=\"qodef-e-image\">\n\t\t\t\t<div class=\"qodef-e-media-image\">\n\t\t<a itemprop=\"url\" href=\"https:\/\/iegmimarlik.com\/en\/portfolio-item\/alisveris-merkezi-showroom-kaplama-ve-dekorasyon\/\">\n\t\t\t<img loading=\"lazy\" decoding=\"async\" width=\"768\" height=\"480\" src=\"https:\/\/iegmimarlik.com\/wp-content\/uploads\/2024\/06\/10-6-768x480-1.png\" class=\"attachment-full size-full\" alt=\"\" srcset=\"https:\/\/iegmimarlik.com\/wp-content\/uploads\/2024\/06\/10-6-768x480-1.png 768w, https:\/\/iegmimarlik.com\/wp-content\/uploads\/2024\/06\/10-6-768x480-1-300x188.png 300w\" sizes=\"(max-width: 768px) 100vw, 768px\" \/>\t\t<\/a>\n\t<\/div>\n\t\t<\/div>\n\t\t<div class=\"qodef-e-content\">\n\t\t\t<div class=\"qodef-e-content-inner\">\n\t\t\t\t<a itemprop=\"url\" href=\"https:\/\/iegmimarlik.com\/en\/portfolio-item\/alisveris-merkezi-showroom-kaplama-ve-dekorasyon\/\"><\/a>\n\t\t\t\t<p itemprop=\"name\" class=\"qodef-e-title entry-title\" >\n\t<a itemprop=\"url\" class=\"qodef-e-title-link\" href=\"https:\/\/iegmimarlik.com\/en\/portfolio-item\/alisveris-merkezi-showroom-kaplama-ve-dekorasyon\/\">\n\t\tAl\u0131\u015fveri\u015f Merkezi \/ Showroom Kaplama ve Dekorasyon\t<\/a>\n<\/p>\n                <p itemprop=\"dateCreated\" class=\"qodef-e-info-date entry-date published\">Jun 2024<\/p>\n\t\t\t<\/div>\n\t\t<\/div>\n\t<\/div>\n<\/article>\n<article class=\"qodef-e qodef-grid-item qodef-item--full post-8864 portfolio-item type-portfolio-item status-publish has-post-thumbnail hentry portfolio-category-projeler\">\n\t<div class=\"qodef-e-inner\" >\n\t\t<div class=\"qodef-e-image\">\n\t\t\t\t<div class=\"qodef-e-media-image\">\n\t\t<a itemprop=\"url\" href=\"https:\/\/iegmimarlik.com\/en\/portfolio-item\/ankara-anahtar-teslim-proje-ve-uygulama\/\">\n\t\t\t<img loading=\"lazy\" decoding=\"async\" width=\"768\" height=\"480\" src=\"https:\/\/iegmimarlik.com\/wp-content\/uploads\/2024\/07\/ankara-anahtar-teslim-proje-banner.jpg\" class=\"attachment-full size-full\" alt=\"\" srcset=\"https:\/\/iegmimarlik.com\/wp-content\/uploads\/2024\/07\/ankara-anahtar-teslim-proje-banner.jpg 768w, https:\/\/iegmimarlik.com\/wp-content\/uploads\/2024\/07\/ankara-anahtar-teslim-proje-banner-300x188.jpg 300w\" sizes=\"(max-width: 768px) 100vw, 768px\" \/>\t\t<\/a>\n\t<\/div>\n\t\t<\/div>\n\t\t<div class=\"qodef-e-content\">\n\t\t\t<div class=\"qodef-e-content-inner\">\n\t\t\t\t<a itemprop=\"url\" href=\"https:\/\/iegmimarlik.com\/en\/portfolio-item\/ankara-anahtar-teslim-proje-ve-uygulama\/\"><\/a>\n\t\t\t\t<p itemprop=\"name\" class=\"qodef-e-title entry-title\" >\n\t<a itemprop=\"url\" class=\"qodef-e-title-link\" href=\"https:\/\/iegmimarlik.com\/en\/portfolio-item\/ankara-anahtar-teslim-proje-ve-uygulama\/\">\n\t\tAnkara Anahtar Teslim Proje ve Uygulama\t<\/a>\n<\/p>\n                <p itemprop=\"dateCreated\" class=\"qodef-e-info-date entry-date published\">Jul 2024<\/p>\n\t\t\t<\/div>\n\t\t<\/div>\n\t<\/div>\n<\/article>\n<article class=\"qodef-e qodef-grid-item qodef-item--full post-8874 portfolio-item type-portfolio-item status-publish has-post-thumbnail hentry portfolio-category-projeler\">\n\t<div class=\"qodef-e-inner\" >\n\t\t<div class=\"qodef-e-image\">\n\t\t\t\t<div class=\"qodef-e-media-image\">\n\t\t<a itemprop=\"url\" href=\"https:\/\/iegmimarlik.com\/en\/portfolio-item\/ankara-villa-1\/\">\n\t\t\t<img loading=\"lazy\" decoding=\"async\" width=\"768\" height=\"480\" src=\"https:\/\/iegmimarlik.com\/wp-content\/uploads\/2024\/07\/ankara-villa-1-banner.jpg\" class=\"attachment-full size-full\" alt=\"\" srcset=\"https:\/\/iegmimarlik.com\/wp-content\/uploads\/2024\/07\/ankara-villa-1-banner.jpg 768w, https:\/\/iegmimarlik.com\/wp-content\/uploads\/2024\/07\/ankara-villa-1-banner-300x188.jpg 300w\" sizes=\"(max-width: 768px) 100vw, 768px\" \/>\t\t<\/a>\n\t<\/div>\n\t\t<\/div>\n\t\t<div class=\"qodef-e-content\">\n\t\t\t<div class=\"qodef-e-content-inner\">\n\t\t\t\t<a itemprop=\"url\" href=\"https:\/\/iegmimarlik.com\/en\/portfolio-item\/ankara-villa-1\/\"><\/a>\n\t\t\t\t<p itemprop=\"name\" class=\"qodef-e-title entry-title\" >\n\t<a itemprop=\"url\" class=\"qodef-e-title-link\" href=\"https:\/\/iegmimarlik.com\/en\/portfolio-item\/ankara-villa-1\/\">\n\t\tAnkara Villa-1\t<\/a>\n<\/p>\n                <p itemprop=\"dateCreated\" class=\"qodef-e-info-date entry-date published\">Jul 2024<\/p>\n\t\t\t<\/div>\n\t\t<\/div>\n\t<\/div>\n<\/article>\n<article class=\"qodef-e qodef-grid-item qodef-item--full post-8883 portfolio-item type-portfolio-item status-publish has-post-thumbnail hentry portfolio-category-projeler\">\n\t<div class=\"qodef-e-inner\" >\n\t\t<div class=\"qodef-e-image\">\n\t\t\t\t<div class=\"qodef-e-media-image\">\n\t\t<a itemprop=\"url\" href=\"https:\/\/iegmimarlik.com\/en\/portfolio-item\/ankara-villa-2\/\">\n\t\t\t<img loading=\"lazy\" decoding=\"async\" width=\"768\" height=\"480\" src=\"https:\/\/iegmimarlik.com\/wp-content\/uploads\/2024\/07\/ankara-villa-2-banner.jpg\" class=\"attachment-full size-full\" alt=\"\" srcset=\"https:\/\/iegmimarlik.com\/wp-content\/uploads\/2024\/07\/ankara-villa-2-banner.jpg 768w, https:\/\/iegmimarlik.com\/wp-content\/uploads\/2024\/07\/ankara-villa-2-banner-300x188.jpg 300w\" sizes=\"(max-width: 768px) 100vw, 768px\" \/>\t\t<\/a>\n\t<\/div>\n\t\t<\/div>\n\t\t<div class=\"qodef-e-content\">\n\t\t\t<div class=\"qodef-e-content-inner\">\n\t\t\t\t<a itemprop=\"url\" href=\"https:\/\/iegmimarlik.com\/en\/portfolio-item\/ankara-villa-2\/\"><\/a>\n\t\t\t\t<p itemprop=\"name\" class=\"qodef-e-title entry-title\" >\n\t<a itemprop=\"url\" class=\"qodef-e-title-link\" href=\"https:\/\/iegmimarlik.com\/en\/portfolio-item\/ankara-villa-2\/\">\n\t\tAnkara Villa-2\t<\/a>\n<\/p>\n                <p itemprop=\"dateCreated\" class=\"qodef-e-info-date entry-date published\">Jul 2024<\/p>\n\t\t\t<\/div>\n\t\t<\/div>\n\t<\/div>\n<\/article>\n\t<\/div>\n\t\t<div class=\"qodef-m-pagination qodef--infinite-scroll\">\n\t\t<svg class=\"qodef-m-pagination-spinner\" xmlns=\"http:\/\/www.w3.org\/2000\/svg\" width=\"512\" height=\"512\" viewBox=\"0 0 512 512\"><path d=\"M304 48c0 26.51-21.49 48-48 48s-48-21.49-48-48 21.49-48 48-48 48 21.49 48 48zm-48 368c-26.51 0-48 21.49-48 48s21.49 48 48 48 48-21.49 48-48-21.49-48-48-48zm208-208c-26.51 0-48 21.49-48 48s21.49 48 48 48 48-21.49 48-48-21.49-48-48-48zM96 256c0-26.51-21.49-48-48-48S0 229.49 0 256s21.49 48 48 48 48-21.49 48-48zm12.922 99.078c-26.51 0-48 21.49-48 48s21.49 48 48 48 48-21.49 48-48c0-26.509-21.491-48-48-48zm294.156 0c-26.51 0-48 21.49-48 48s21.49 48 48 48 48-21.49 48-48c0-26.509-21.49-48-48-48zM108.922 60.922c-26.51 0-48 21.49-48 48s21.49 48 48 48 48-21.49 48-48-21.491-48-48-48z\"><\/path><\/svg>\t<\/div>\n<\/div>\n\t\t<\/div>\n\t\t\t\t<\/div>\n\t\t\t\t\t<\/div>\n\t\t<\/div>\n\t\t\t\t\t<\/div>\n\t\t<\/section>\n\t\t\t\t<\/div>\n\t\t","protected":false},"excerpt":{"rendered":"<p>Cumhurba\u015fkanl\u0131\u011f\u0131 Projesi Mar 2021 Oyak Genel M\u00fcd\u00fcrl\u00fc\u011f\u00fc Haz 2024 Finans Merkezi Projesi 2. K\u0131s\u0131m Haz 2024 Banliy\u00f6lerde Villa \u0130n\u015fa Etme Projeleri Haz 2024 \u0130\u00e7 Mekan Villa Uygulama Projeleri\u200b Haz 2024 Kafeler i\u00e7in Kaplama Kaplama Projeleri Haz 2024 Market Uygulama Projesi Haz 2024 Ofis Uygulama Projesi Haz 2024 Al\u0131\u015fveri\u015f Merkezi \/ Showroom Kaplama ve Dekorasyon Haz [&hellip;]<\/p>\n","protected":false},"author":1,"featured_media":0,"parent":0,"menu_order":2,"comment_status":"closed","ping_status":"closed","template":"page-full-width.php","meta":{"footnotes":""},"class_list":["post-10686","page","type-page","status-publish","hentry"],"_links":{"self":[{"href":"https:\/\/iegmimarlik.com\/en\/wp-json\/wp\/v2\/pages\/10686","targetHints":{"allow":["GET"]}}],"collection":[{"href":"https:\/\/iegmimarlik.com\/en\/wp-json\/wp\/v2\/pages"}],"about":[{"href":"https:\/\/iegmimarlik.com\/en\/wp-json\/wp\/v2\/types\/page"}],"author":[{"embeddable":true,"href":"https:\/\/iegmimarlik.com\/en\/wp-json\/wp\/v2\/users\/1"}],"replies":[{"embeddable":true,"href":"https:\/\/iegmimarlik.com\/en\/wp-json\/wp\/v2\/comments?post=10686"}],"version-history":[{"count":1,"href":"https:\/\/iegmimarlik.com\/en\/wp-json\/wp\/v2\/pages\/10686\/revisions"}],"predecessor-version":[{"id":10687,"href":"https:\/\/iegmimarlik.com\/en\/wp-json\/wp\/v2\/pages\/10686\/revisions\/10687"}],"wp:attachment":[{"href":"https:\/\/iegmimarlik.com\/en\/wp-json\/wp\/v2\/media?parent=10686"}],"curies":[{"name":"wp","href":"https:\/\/api.w.org\/{rel}","templated":true}]}}